{"id":102,"date":"2024-06-05T12:07:09","date_gmt":"2024-06-05T12:07:09","guid":{"rendered":"https:\/\/concepto3.com.mx\/index.php\/our-services\/"},"modified":"2025-08-23T19:49:57","modified_gmt":"2025-08-23T19:49:57","slug":"productos","status":"publish","type":"page","link":"https:\/\/concepto3.com.mx\/index.php\/productos\/","title":{"rendered":"Productos"},"content":{"rendered":"\t\t<div data-elementor-type=\"wp-page\" data-elementor-id=\"102\" class=\"elementor elementor-102\" data-elementor-post-type=\"page\">\n\t\t\t\t<div class=\"elementor-element elementor-element-25a8cae7 e-con-full e-flex e-con e-parent\" data-id=\"25a8cae7\" data-element_type=\"container\" data-settings=\"{&quot;background_background&quot;:&quot;classic&quot;}\">\n\t\t<div class=\"elementor-element elementor-element-1163c694 e-con-full e-flex e-con e-child\" data-id=\"1163c694\" data-element_type=\"container\">\n\t\t\t\t<div class=\"elementor-element elementor-element-37455a3 elementor-invisible elementor-widget elementor-widget-heading\" data-id=\"37455a3\" data-element_type=\"widget\" data-settings=\"{&quot;_animation&quot;:&quot;fadeIn&quot;}\" data-widget_type=\"heading.default\">\n\t\t\t\t<div class=\"elementor-widget-container\">\n\t\t\t\t\t<h1 class=\"elementor-heading-title elementor-size-default\">Nuestros Productos<\/h1>\t\t\t\t<\/div>\n\t\t\t\t<\/div>\n\t\t\t\t<div class=\"elementor-element elementor-element-3b43db54 elementor-invisible elementor-widget elementor-widget-heading\" data-id=\"3b43db54\" data-element_type=\"widget\" data-settings=\"{&quot;_animation&quot;:&quot;fadeIn&quot;,&quot;_animation_delay&quot;:400}\" data-widget_type=\"heading.default\">\n\t\t\t\t<div class=\"elementor-widget-container\">\n\t\t\t\t\t<h2 class=\"elementor-heading-title elementor-size-default\">Encuentra una variedad de soluciones que hemos hecho para ti. <br>Desde sistemas B2B hasta portales p\u00fablicos para el consumidor final.<\/h2>\t\t\t\t<\/div>\n\t\t\t\t<\/div>\n\t\t\t\t<\/div>\n\t\t\t\t<\/div>\n\t\t<div class=\"elementor-element elementor-element-4f8430b3 e-con-full e-flex e-con e-parent\" data-id=\"4f8430b3\" data-element_type=\"container\" data-settings=\"{&quot;background_background&quot;:&quot;classic&quot;}\">\n\t\t<div class=\"elementor-element elementor-element-66c691b4 e-con-full e-flex e-con e-child\" data-id=\"66c691b4\" data-element_type=\"container\">\n\t\t<div class=\"elementor-element elementor-element-7cc173af e-con-full e-flex e-con e-child\" data-id=\"7cc173af\" data-element_type=\"container\" data-settings=\"{&quot;background_background&quot;:&quot;classic&quot;}\">\n\t\t\t\t<\/div>\n\t\t<div class=\"elementor-element elementor-element-591f9b37 e-con-full e-flex e-con e-child\" data-id=\"591f9b37\" data-element_type=\"container\">\n\t\t\t\t<div class=\"elementor-element elementor-element-16fa52b6 elementor-widget elementor-widget-heading\" data-id=\"16fa52b6\" data-element_type=\"widget\" data-widget_type=\"heading.default\">\n\t\t\t\t<div class=\"elementor-widget-container\">\n\t\t\t\t\t<h2 class=\"elementor-heading-title elementor-size-default\">SafeLotto<\/h2>\t\t\t\t<\/div>\n\t\t\t\t<\/div>\n\t\t\t\t<div class=\"elementor-element elementor-element-44dfc547 elementor-widget-divider--view-line elementor-widget elementor-widget-divider\" data-id=\"44dfc547\" data-element_type=\"widget\" data-widget_type=\"divider.default\">\n\t\t\t\t<div class=\"elementor-widget-container\">\n\t\t\t\t\t\t\t<div class=\"elementor-divider\">\n\t\t\t<span class=\"elementor-divider-separator\">\n\t\t\t\t\t\t<\/span>\n\t\t<\/div>\n\t\t\t\t\t\t<\/div>\n\t\t\t\t<\/div>\n\t\t\t\t<div class=\"elementor-element elementor-element-648c5f5d elementor-widget elementor-widget-text-editor\" data-id=\"648c5f5d\" data-element_type=\"widget\" data-widget_type=\"text-editor.default\">\n\t\t\t\t<div class=\"elementor-widget-container\">\n\t\t\t\t\t\t\t\t\t<p>Transforma tus puntos de venta o canales digitales ofreciendo rifas y sorteos en cada compra.<\/p><p>Crea sorteos promocionales para tu empresa.<\/p>\t\t\t\t\t\t\t\t<\/div>\n\t\t\t\t<\/div>\n\t\t\t\t<\/div>\n\t\t\t\t<\/div>\n\t\t<div class=\"elementor-element elementor-element-4a9cd723 e-con-full e-flex e-con e-child\" data-id=\"4a9cd723\" data-element_type=\"container\">\n\t\t<div class=\"elementor-element elementor-element-4172b5af e-con-full e-flex e-con e-child\" data-id=\"4172b5af\" data-element_type=\"container\" data-settings=\"{&quot;background_background&quot;:&quot;classic&quot;}\">\n\t\t\t\t<\/div>\n\t\t<div class=\"elementor-element elementor-element-563ce5e0 e-con-full e-flex e-con e-child\" data-id=\"563ce5e0\" data-element_type=\"container\">\n\t\t\t\t<div class=\"elementor-element elementor-element-756f131e elementor-widget elementor-widget-heading\" data-id=\"756f131e\" data-element_type=\"widget\" data-widget_type=\"heading.default\">\n\t\t\t\t<div class=\"elementor-widget-container\">\n\t\t\t\t\t<h2 class=\"elementor-heading-title elementor-size-default\">E-Wallet<\/h2>\t\t\t\t<\/div>\n\t\t\t\t<\/div>\n\t\t\t\t<div class=\"elementor-element elementor-element-1c43de5b elementor-widget-divider--view-line elementor-widget elementor-widget-divider\" data-id=\"1c43de5b\" data-element_type=\"widget\" data-widget_type=\"divider.default\">\n\t\t\t\t<div class=\"elementor-widget-container\">\n\t\t\t\t\t\t\t<div class=\"elementor-divider\">\n\t\t\t<span class=\"elementor-divider-separator\">\n\t\t\t\t\t\t<\/span>\n\t\t<\/div>\n\t\t\t\t\t\t<\/div>\n\t\t\t\t<\/div>\n\t\t\t\t<div class=\"elementor-element elementor-element-130cb5b5 elementor-widget elementor-widget-text-editor\" data-id=\"130cb5b5\" data-element_type=\"widget\" data-widget_type=\"text-editor.default\">\n\t\t\t\t<div class=\"elementor-widget-container\">\n\t\t\t\t\t\t\t\t\t<p>Implementa una cartera digital confiable en tus plataformas.<\/p>\t\t\t\t\t\t\t\t<\/div>\n\t\t\t\t<\/div>\n\t\t\t\t<\/div>\n\t\t\t\t<\/div>\n\t\t<div class=\"elementor-element elementor-element-527f3161 e-con-full e-flex e-con e-child\" data-id=\"527f3161\" data-element_type=\"container\">\n\t\t<div class=\"elementor-element elementor-element-3af31d1c e-con-full e-flex e-con e-child\" data-id=\"3af31d1c\" data-element_type=\"container\" data-settings=\"{&quot;background_background&quot;:&quot;classic&quot;}\">\n\t\t\t\t<\/div>\n\t\t<div class=\"elementor-element elementor-element-2793d952 e-con-full e-flex e-con e-child\" data-id=\"2793d952\" data-element_type=\"container\">\n\t\t\t\t<div class=\"elementor-element elementor-element-70b46773 elementor-widget elementor-widget-heading\" data-id=\"70b46773\" data-element_type=\"widget\" data-widget_type=\"heading.default\">\n\t\t\t\t<div class=\"elementor-widget-container\">\n\t\t\t\t\t<h2 class=\"elementor-heading-title elementor-size-default\">Vaquitas\nOnline<\/h2>\t\t\t\t<\/div>\n\t\t\t\t<\/div>\n\t\t\t\t<div class=\"elementor-element elementor-element-342d3419 elementor-widget-divider--view-line elementor-widget elementor-widget-divider\" data-id=\"342d3419\" data-element_type=\"widget\" data-widget_type=\"divider.default\">\n\t\t\t\t<div class=\"elementor-widget-container\">\n\t\t\t\t\t\t\t<div class=\"elementor-divider\">\n\t\t\t<span class=\"elementor-divider-separator\">\n\t\t\t\t\t\t<\/span>\n\t\t<\/div>\n\t\t\t\t\t\t<\/div>\n\t\t\t\t<\/div>\n\t\t\t\t<div class=\"elementor-element elementor-element-58ece96a elementor-widget elementor-widget-text-editor\" data-id=\"58ece96a\" data-element_type=\"widget\" data-widget_type=\"text-editor.default\">\n\t\t\t\t<div class=\"elementor-widget-container\">\n\t\t\t\t\t\t\t\t\t<p>Compra boletos de sorteos en grupo y aumenta tus probabilidades.<\/p>\t\t\t\t\t\t\t\t<\/div>\n\t\t\t\t<\/div>\n\t\t\t\t<\/div>\n\t\t\t\t<\/div>\n\t\t<div class=\"elementor-element elementor-element-225a89b7 e-con-full e-flex e-con e-child\" data-id=\"225a89b7\" data-element_type=\"container\">\n\t\t<div class=\"elementor-element elementor-element-57d6684f e-con-full e-flex e-con e-child\" data-id=\"57d6684f\" data-element_type=\"container\" data-settings=\"{&quot;background_background&quot;:&quot;classic&quot;}\">\n\t\t\t\t<\/div>\n\t\t<div class=\"elementor-element elementor-element-328b7604 e-con-full e-flex e-con e-child\" data-id=\"328b7604\" data-element_type=\"container\">\n\t\t\t\t<div class=\"elementor-element elementor-element-308e302f elementor-widget elementor-widget-heading\" data-id=\"308e302f\" data-element_type=\"widget\" data-widget_type=\"heading.default\">\n\t\t\t\t<div class=\"elementor-widget-container\">\n\t\t\t\t\t<h2 class=\"elementor-heading-title elementor-size-default\">Quinielas\nDeportivas<\/h2>\t\t\t\t<\/div>\n\t\t\t\t<\/div>\n\t\t\t\t<div class=\"elementor-element elementor-element-1777d4ea elementor-widget-divider--view-line elementor-widget elementor-widget-divider\" data-id=\"1777d4ea\" data-element_type=\"widget\" data-widget_type=\"divider.default\">\n\t\t\t\t<div class=\"elementor-widget-container\">\n\t\t\t\t\t\t\t<div class=\"elementor-divider\">\n\t\t\t<span class=\"elementor-divider-separator\">\n\t\t\t\t\t\t<\/span>\n\t\t<\/div>\n\t\t\t\t\t\t<\/div>\n\t\t\t\t<\/div>\n\t\t\t\t<div class=\"elementor-element elementor-element-76a40580 elementor-widget elementor-widget-text-editor\" data-id=\"76a40580\" data-element_type=\"widget\" data-widget_type=\"text-editor.default\">\n\t\t\t\t<div class=\"elementor-widget-container\">\n\t\t\t\t\t\t\t\t\t<p>Juega con amigos, selecciona tus predicciones y gana.<\/p>\t\t\t\t\t\t\t\t<\/div>\n\t\t\t\t<\/div>\n\t\t\t\t<\/div>\n\t\t\t\t<\/div>\n\t\t<div class=\"elementor-element elementor-element-411c840f e-con-full e-flex e-con e-child\" data-id=\"411c840f\" data-element_type=\"container\">\n\t\t<div class=\"elementor-element elementor-element-4458bf94 e-con-full e-flex e-con e-child\" data-id=\"4458bf94\" data-element_type=\"container\" data-settings=\"{&quot;background_background&quot;:&quot;classic&quot;}\">\n\t\t\t\t<\/div>\n\t\t<div class=\"elementor-element elementor-element-33f0dbf4 e-con-full e-flex e-con e-child\" data-id=\"33f0dbf4\" data-element_type=\"container\">\n\t\t\t\t<div class=\"elementor-element elementor-element-3d6593dd elementor-widget elementor-widget-heading\" data-id=\"3d6593dd\" data-element_type=\"widget\" data-widget_type=\"heading.default\">\n\t\t\t\t<div class=\"elementor-widget-container\">\n\t\t\t\t\t<h2 class=\"elementor-heading-title elementor-size-default\">Lotto en \nRedes<\/h2>\t\t\t\t<\/div>\n\t\t\t\t<\/div>\n\t\t\t\t<div class=\"elementor-element elementor-element-3b953169 elementor-widget-divider--view-line elementor-widget elementor-widget-divider\" data-id=\"3b953169\" data-element_type=\"widget\" data-widget_type=\"divider.default\">\n\t\t\t\t<div class=\"elementor-widget-container\">\n\t\t\t\t\t\t\t<div class=\"elementor-divider\">\n\t\t\t<span class=\"elementor-divider-separator\">\n\t\t\t\t\t\t<\/span>\n\t\t<\/div>\n\t\t\t\t\t\t<\/div>\n\t\t\t\t<\/div>\n\t\t\t\t<div class=\"elementor-element elementor-element-4490ed98 elementor-widget elementor-widget-text-editor\" data-id=\"4490ed98\" data-element_type=\"widget\" data-widget_type=\"text-editor.default\">\n\t\t\t\t<div class=\"elementor-widget-container\">\n\t\t\t\t\t\t\t\t\t<p>Organiza sorteos con tus amigos, gestiona boletos y celebra rifas, todo desde un solo lugar.<\/p>\t\t\t\t\t\t\t\t<\/div>\n\t\t\t\t<\/div>\n\t\t\t\t<\/div>\n\t\t\t\t<\/div>\n\t\t<div class=\"elementor-element elementor-element-2b8e0839 e-con-full e-flex e-con e-child\" data-id=\"2b8e0839\" data-element_type=\"container\">\n\t\t<div class=\"elementor-element elementor-element-4e6044e2 e-con-full e-flex e-con e-child\" data-id=\"4e6044e2\" data-element_type=\"container\" data-settings=\"{&quot;background_background&quot;:&quot;classic&quot;}\">\n\t\t\t\t<\/div>\n\t\t<div class=\"elementor-element elementor-element-4f905dc7 e-con-full e-flex e-con e-child\" data-id=\"4f905dc7\" data-element_type=\"container\">\n\t\t\t\t<div class=\"elementor-element elementor-element-38a407e4 elementor-widget elementor-widget-heading\" data-id=\"38a407e4\" data-element_type=\"widget\" data-widget_type=\"heading.default\">\n\t\t\t\t<div class=\"elementor-widget-container\">\n\t\t\t\t\t<h2 class=\"elementor-heading-title elementor-size-default\">Sorteorama<\/h2>\t\t\t\t<\/div>\n\t\t\t\t<\/div>\n\t\t\t\t<div class=\"elementor-element elementor-element-37f51791 elementor-widget-divider--view-line elementor-widget elementor-widget-divider\" data-id=\"37f51791\" data-element_type=\"widget\" data-widget_type=\"divider.default\">\n\t\t\t\t<div class=\"elementor-widget-container\">\n\t\t\t\t\t\t\t<div class=\"elementor-divider\">\n\t\t\t<span class=\"elementor-divider-separator\">\n\t\t\t\t\t\t<\/span>\n\t\t<\/div>\n\t\t\t\t\t\t<\/div>\n\t\t\t\t<\/div>\n\t\t\t\t<div class=\"elementor-element elementor-element-78133d6b elementor-widget elementor-widget-text-editor\" data-id=\"78133d6b\" data-element_type=\"widget\" data-widget_type=\"text-editor.default\">\n\t\t\t\t<div class=\"elementor-widget-container\">\n\t\t\t\t\t\t\t\t\t<p>Encuentra todo lo relevante de sorteos en M\u00e9xico; Calendario, resultados, transmisiones en vivo, links a tus sorteos favoritos y m\u00e1s.<\/p>\t\t\t\t\t\t\t\t<\/div>\n\t\t\t\t<\/div>\n\t\t\t\t<\/div>\n\t\t\t\t<\/div>\n\t\t\t\t<\/div>\n\t\t<div class=\"elementor-element elementor-element-190f0d8e e-con-full e-flex e-con e-parent\" data-id=\"190f0d8e\" data-element_type=\"container\" data-settings=\"{&quot;background_background&quot;:&quot;classic&quot;}\">\n\t\t\t\t<div class=\"elementor-element elementor-element-59d289f elementor-widget-divider--view-line elementor-widget elementor-widget-divider\" data-id=\"59d289f\" data-element_type=\"widget\" data-widget_type=\"divider.default\">\n\t\t\t\t<div class=\"elementor-widget-container\">\n\t\t\t\t\t\t\t<div class=\"elementor-divider\">\n\t\t\t<span class=\"elementor-divider-separator\">\n\t\t\t\t\t\t<\/span>\n\t\t<\/div>\n\t\t\t\t\t\t<\/div>\n\t\t\t\t<\/div>\n\t\t\t\t<div class=\"elementor-element elementor-element-5ddf41ff elementor-widget elementor-widget-heading\" data-id=\"5ddf41ff\" data-element_type=\"widget\" data-widget_type=\"heading.default\">\n\t\t\t\t<div class=\"elementor-widget-container\">\n\t\t\t\t\t<h2 class=\"elementor-heading-title elementor-size-default\">FAQ<\/h2>\t\t\t\t<\/div>\n\t\t\t\t<\/div>\n\t\t<div class=\"elementor-element elementor-element-292de1f e-con-full e-flex e-con e-child\" data-id=\"292de1f\" data-element_type=\"container\">\n\t\t\t\t<div class=\"elementor-element elementor-element-2510ec41 elementor-widget__width-initial elementor-widget-tablet__width-inherit elementor-widget elementor-widget-toggle\" data-id=\"2510ec41\" data-element_type=\"widget\" data-widget_type=\"toggle.default\">\n\t\t\t\t<div class=\"elementor-widget-container\">\n\t\t\t\t\t\t\t<div class=\"elementor-toggle\">\n\t\t\t\t\t\t\t<div class=\"elementor-toggle-item\">\n\t\t\t\t\t<h4 id=\"elementor-tab-title-6211\" class=\"elementor-tab-title\" data-tab=\"1\" role=\"button\" aria-controls=\"elementor-tab-content-6211\" aria-expanded=\"false\">\n\t\t\t\t\t\t\t\t\t\t\t\t<span class=\"elementor-toggle-icon elementor-toggle-icon-right\" aria-hidden=\"true\">\n\t\t\t\t\t\t\t\t\t\t\t\t\t\t\t<span class=\"elementor-toggle-icon-closed\"><svg xmlns=\"http:\/\/www.w3.org\/2000\/svg\" id=\"b159ff04-3740-4ac3-96cc-b414ded50b3a\" data-name=\"Layer 1\" width=\"16\" height=\"16\" viewBox=\"0 0 16 16\"><polygon points=\"8.39 7.64 8.39 0 7.61 0 7.61 7.64 0 7.64 0 8.4 7.61 8.4 7.61 16 8.39 16 8.39 8.4 16 8.4 16 7.64 8.39 7.64\"><\/polygon><\/svg><\/span>\n\t\t\t\t\t\t\t\t<span class=\"elementor-toggle-icon-opened\"><svg xmlns=\"http:\/\/www.w3.org\/2000\/svg\" id=\"adf49d60-5815-4ece-8d49-00a021de5c06\" data-name=\"Layer 1\" width=\"16\" height=\"16\" viewBox=\"0 0 16 16\"><rect width=\"16\" height=\"16\" style=\"opacity:0\"><\/rect><rect y=\"7.64\" width=\"16\" height=\"0.76\"><\/rect><\/svg><\/span>\n\t\t\t\t\t\t\t\t\t\t\t\t\t<\/span>\n\t\t\t\t\t\t\t\t\t\t\t\t<a class=\"elementor-toggle-title\" tabindex=\"0\">\u00bfQui\u00e9nes son los principales clientes de C3?<\/a>\n\t\t\t\t\t<\/h4>\n\n\t\t\t\t\t<div id=\"elementor-tab-content-6211\" class=\"elementor-tab-content elementor-clearfix\" data-tab=\"1\" role=\"region\" aria-labelledby=\"elementor-tab-title-6211\"><p>Manejamos una gran variedad de productos orientados hacia empresas con puntos de venta, sorteos universitarios, sorteos con causa, Instituciones que quieren generar fondos adicionales. Adicionalmente apoyamos empresas que realicen sorteos promocionales o internos para motivaci\u00f3n de sus empleados.<\/p><p>En Concepto 3 contamos tambi\u00e9n con plataformas dirigidas al consumidor final, donde nuestro enfoque es en nuestros seguidores que participan en distintos sorteos y din\u00e1micas en linea de entretenimiento.<\/p><\/div>\n\t\t\t\t<\/div>\n\t\t\t\t\t\t\t<div class=\"elementor-toggle-item\">\n\t\t\t\t\t<h4 id=\"elementor-tab-title-6212\" class=\"elementor-tab-title\" data-tab=\"2\" role=\"button\" aria-controls=\"elementor-tab-content-6212\" aria-expanded=\"false\">\n\t\t\t\t\t\t\t\t\t\t\t\t<span class=\"elementor-toggle-icon elementor-toggle-icon-right\" aria-hidden=\"true\">\n\t\t\t\t\t\t\t\t\t\t\t\t\t\t\t<span class=\"elementor-toggle-icon-closed\"><svg xmlns=\"http:\/\/www.w3.org\/2000\/svg\" id=\"b159ff04-3740-4ac3-96cc-b414ded50b3a\" data-name=\"Layer 1\" width=\"16\" height=\"16\" viewBox=\"0 0 16 16\"><polygon points=\"8.39 7.64 8.39 0 7.61 0 7.61 7.64 0 7.64 0 8.4 7.61 8.4 7.61 16 8.39 16 8.39 8.4 16 8.4 16 7.64 8.39 7.64\"><\/polygon><\/svg><\/span>\n\t\t\t\t\t\t\t\t<span class=\"elementor-toggle-icon-opened\"><svg xmlns=\"http:\/\/www.w3.org\/2000\/svg\" id=\"adf49d60-5815-4ece-8d49-00a021de5c06\" data-name=\"Layer 1\" width=\"16\" height=\"16\" viewBox=\"0 0 16 16\"><rect width=\"16\" height=\"16\" style=\"opacity:0\"><\/rect><rect y=\"7.64\" width=\"16\" height=\"0.76\"><\/rect><\/svg><\/span>\n\t\t\t\t\t\t\t\t\t\t\t\t\t<\/span>\n\t\t\t\t\t\t\t\t\t\t\t\t<a class=\"elementor-toggle-title\" tabindex=\"0\">\u00bfPorqu\u00e9 esta industria de juegos y sorteos?<\/a>\n\t\t\t\t\t<\/h4>\n\n\t\t\t\t\t<div id=\"elementor-tab-content-6212\" class=\"elementor-tab-content elementor-clearfix\" data-tab=\"2\" role=\"region\" aria-labelledby=\"elementor-tab-title-6212\"><p>Por el gran potencial de crecimiento que tiene en M\u00e9xico y LATAM, pudiendo alcanzar aumento en ventas hasta por 10X respecto a lo que hoy se consume de estos productos. Adem\u00e1s, somos un grupo de expertos en la industria que al trabajar en equipo con nuestros clientes hemos logrado obtener los resultados y metas esperadas.\u00a0<\/p><\/div>\n\t\t\t\t<\/div>\n\t\t\t\t\t\t\t<div class=\"elementor-toggle-item\">\n\t\t\t\t\t<h4 id=\"elementor-tab-title-6213\" class=\"elementor-tab-title\" data-tab=\"3\" role=\"button\" aria-controls=\"elementor-tab-content-6213\" aria-expanded=\"false\">\n\t\t\t\t\t\t\t\t\t\t\t\t<span class=\"elementor-toggle-icon elementor-toggle-icon-right\" aria-hidden=\"true\">\n\t\t\t\t\t\t\t\t\t\t\t\t\t\t\t<span class=\"elementor-toggle-icon-closed\"><svg xmlns=\"http:\/\/www.w3.org\/2000\/svg\" id=\"b159ff04-3740-4ac3-96cc-b414ded50b3a\" data-name=\"Layer 1\" width=\"16\" height=\"16\" viewBox=\"0 0 16 16\"><polygon points=\"8.39 7.64 8.39 0 7.61 0 7.61 7.64 0 7.64 0 8.4 7.61 8.4 7.61 16 8.39 16 8.39 8.4 16 8.4 16 7.64 8.39 7.64\"><\/polygon><\/svg><\/span>\n\t\t\t\t\t\t\t\t<span class=\"elementor-toggle-icon-opened\"><svg xmlns=\"http:\/\/www.w3.org\/2000\/svg\" id=\"adf49d60-5815-4ece-8d49-00a021de5c06\" data-name=\"Layer 1\" width=\"16\" height=\"16\" viewBox=\"0 0 16 16\"><rect width=\"16\" height=\"16\" style=\"opacity:0\"><\/rect><rect y=\"7.64\" width=\"16\" height=\"0.76\"><\/rect><\/svg><\/span>\n\t\t\t\t\t\t\t\t\t\t\t\t\t<\/span>\n\t\t\t\t\t\t\t\t\t\t\t\t<a class=\"elementor-toggle-title\" tabindex=\"0\">\u00bfSu tecnolog\u00eda es propia o es de terceros?<\/a>\n\t\t\t\t\t<\/h4>\n\n\t\t\t\t\t<div id=\"elementor-tab-content-6213\" class=\"elementor-tab-content elementor-clearfix\" data-tab=\"3\" role=\"region\" aria-labelledby=\"elementor-tab-title-6213\"><p>Toda nuestra tecnolog\u00eda es de desarrollo propio, orgullosamente hecho en M\u00e9xico y con un enfoque total en la industria de juegos y sorteos. Contamos con tecnolog\u00eda de vanguardia que nos permite priorizar tu seguridad como cliente y usuario mientras que aseguramos productos de la mejor calidad y experiencia de usuario.<\/p><\/div>\n\t\t\t\t<\/div>\n\t\t\t\t\t\t\t<div class=\"elementor-toggle-item\">\n\t\t\t\t\t<h4 id=\"elementor-tab-title-6214\" class=\"elementor-tab-title\" data-tab=\"4\" role=\"button\" aria-controls=\"elementor-tab-content-6214\" aria-expanded=\"false\">\n\t\t\t\t\t\t\t\t\t\t\t\t<span class=\"elementor-toggle-icon elementor-toggle-icon-right\" aria-hidden=\"true\">\n\t\t\t\t\t\t\t\t\t\t\t\t\t\t\t<span class=\"elementor-toggle-icon-closed\"><svg xmlns=\"http:\/\/www.w3.org\/2000\/svg\" id=\"b159ff04-3740-4ac3-96cc-b414ded50b3a\" data-name=\"Layer 1\" width=\"16\" height=\"16\" viewBox=\"0 0 16 16\"><polygon points=\"8.39 7.64 8.39 0 7.61 0 7.61 7.64 0 7.64 0 8.4 7.61 8.4 7.61 16 8.39 16 8.39 8.4 16 8.4 16 7.64 8.39 7.64\"><\/polygon><\/svg><\/span>\n\t\t\t\t\t\t\t\t<span class=\"elementor-toggle-icon-opened\"><svg xmlns=\"http:\/\/www.w3.org\/2000\/svg\" id=\"adf49d60-5815-4ece-8d49-00a021de5c06\" data-name=\"Layer 1\" width=\"16\" height=\"16\" viewBox=\"0 0 16 16\"><rect width=\"16\" height=\"16\" style=\"opacity:0\"><\/rect><rect y=\"7.64\" width=\"16\" height=\"0.76\"><\/rect><\/svg><\/span>\n\t\t\t\t\t\t\t\t\t\t\t\t\t<\/span>\n\t\t\t\t\t\t\t\t\t\t\t\t<a class=\"elementor-toggle-title\" tabindex=\"0\">\u00bfConcepto 3 ayuda en el acompa\u00f1amiento de integraciones y habilitaciones?<\/a>\n\t\t\t\t\t<\/h4>\n\n\t\t\t\t\t<div id=\"elementor-tab-content-6214\" class=\"elementor-tab-content elementor-clearfix\" data-tab=\"4\" role=\"region\" aria-labelledby=\"elementor-tab-title-6214\"><div>As\u00ed es, Concepto 3 participa desde la estrategia de integraci\u00f3n tecnol\u00f3gica como comercial, hasta la operaci\u00f3n de los sorteos y las herramientas, acompa\u00f1ando en todo momento a nuestros clientes para asegurar el \u00e9xito. Todo esto basado en nuestra tecnolog\u00eda y experiencia en el mercado. Ya sea en el area de Marketing como publicidad, o en el area de desarrollo, estamos para hacer el proceso lo m\u00e1s sencillo para t\u00ed.<\/div><div class=\"yj6qo\">\u00a0<\/div><div class=\"adL\">\u00a0<\/div><\/div>\n\t\t\t\t<\/div>\n\t\t\t\t\t\t\t\t<\/div>\n\t\t\t\t\t\t<\/div>\n\t\t\t\t<\/div>\n\t\t\t\t<\/div>\n\t\t\t\t<\/div>\n\t\t\t\t<\/div>\n\t\t","protected":false},"excerpt":{"rendered":"<p>Nuestros Productos Encuentra una variedad de soluciones que hemos hecho para ti. Desde sistemas B2B hasta portales p\u00fablicos para el consumidor final. SafeLotto Transforma tus puntos de venta o canales digitales ofreciendo rifas y sorteos en cada compra. Crea sorteos promocionales para tu empresa. E-Wallet Implementa una cartera digital confiable en tus plataformas. Vaquitas Online [&hellip;]<\/p>\n","protected":false},"author":1,"featured_media":113,"parent":0,"menu_order":0,"comment_status":"closed","ping_status":"closed","template":"elementor_header_footer","meta":{"footnotes":""},"class_list":["post-102","page","type-page","status-publish","has-post-thumbnail","hentry"],"_links":{"self":[{"href":"https:\/\/concepto3.com.mx\/index.php\/wp-json\/wp\/v2\/pages\/102","targetHints":{"allow":["GET"]}}],"collection":[{"href":"https:\/\/concepto3.com.mx\/index.php\/wp-json\/wp\/v2\/pages"}],"about":[{"href":"https:\/\/concepto3.com.mx\/index.php\/wp-json\/wp\/v2\/types\/page"}],"author":[{"embeddable":true,"href":"https:\/\/concepto3.com.mx\/index.php\/wp-json\/wp\/v2\/users\/1"}],"replies":[{"embeddable":true,"href":"https:\/\/concepto3.com.mx\/index.php\/wp-json\/wp\/v2\/comments?post=102"}],"version-history":[{"count":65,"href":"https:\/\/concepto3.com.mx\/index.php\/wp-json\/wp\/v2\/pages\/102\/revisions"}],"predecessor-version":[{"id":867,"href":"https:\/\/concepto3.com.mx\/index.php\/wp-json\/wp\/v2\/pages\/102\/revisions\/867"}],"wp:featuredmedia":[{"embeddable":true,"href":"https:\/\/concepto3.com.mx\/index.php\/wp-json\/wp\/v2\/media\/113"}],"wp:attachment":[{"href":"https:\/\/concepto3.com.mx\/index.php\/wp-json\/wp\/v2\/media?parent=102"}],"curies":[{"name":"wp","href":"https:\/\/api.w.org\/{rel}","templated":true}]}}